{"id":543,"date":"2026-03-13T23:41:19","date_gmt":"2026-03-13T22:41:19","guid":{"rendered":"https:\/\/truckstop-electrification.de\/projects\/"},"modified":"2026-04-14T14:24:42","modified_gmt":"2026-04-14T12:24:42","slug":"projects","status":"publish","type":"page","link":"https:\/\/truckstop-electrification.de\/en\/projects\/","title":{"rendered":"Projects"},"content":{"rendered":"<div data-elementor-type=\"wp-post\" data-elementor-id=\"543\" class=\"elementor elementor-543\">\n\t\t\t\t<div class=\"elementor-element elementor-element-0c901ab e-flex e-con-boxed e-con e-parent\" data-id=\"0c901ab\" data-element_type=\"container\" data-e-type=\"container\">\n\t\t\t\t\t<div class=\"e-con-inner\">\n\t\t<div class=\"elementor-element elementor-element-b71e4eb e-con-full e-flex e-con e-child\" data-id=\"b71e4eb\" data-element_type=\"container\" data-e-type=\"container\">\n\t\t\t\t<div class=\"elementor-element elementor-element-1f5f3c8 elementor-widget elementor-widget-hfe-infocard\" data-id=\"1f5f3c8\" data-element_type=\"widget\" data-e-type=\"widget\" data-widget_type=\"hfe-infocard.default\">\n\t\t\t\t<div class=\"elementor-widget-container\">\n\t\t\t\t\t\n\t\t<div class=\"hfe-infocard\">\n\t\t\t\t\t\t\t\t\t<div class=\"hfe-infocard-title-wrap\">\n\t\t\t\t<h2 class=\"hfe-infocard-title elementor-inline-editing\" data-elementor-setting-key=\"infocard_title\" data-elementor-inline-editing-toolbar=\"basic\" >Projects and Initiatives<\/h2>\t\t\t<\/div>\n\t\t\t\t\t\t<div class=\"hfe-infocard-text-wrap\">\n\t\t\t\t<div class=\"hfe-infocard-text elementor-inline-editing\" data-elementor-setting-key=\"infocard_description\" data-elementor-inline-editing-toolbar=\"advanced\">\n\t\t\t\t\t\t\t\t\t<\/div>\n\t\t\t\t\t\t\t<\/div>\n\t\t<\/div>\n\n\t\t\t\t\t\t<\/div>\n\t\t\t\t<\/div>\n\t\t\t\t<div class=\"elementor-element elementor-element-6137cc2 elementor-widget-divider--view-line elementor-widget elementor-widget-divider\" data-id=\"6137cc2\" data-element_type=\"widget\" data-e-type=\"widget\" data-widget_type=\"divider.default\">\n\t\t\t\t<div class=\"elementor-widget-container\">\n\t\t\t\t\t\t\t<div class=\"elementor-divider\">\n\t\t\t<span class=\"elementor-divider-separator\">\n\t\t\t\t\t\t<\/span>\n\t\t<\/div>\n\t\t\t\t\t\t<\/div>\n\t\t\t\t<\/div>\n\t\t<div class=\"elementor-element elementor-element-d4b4404 e-con-full e-flex e-con e-child\" data-id=\"d4b4404\" data-element_type=\"container\" data-e-type=\"container\">\n\t\t\t\t<div class=\"elementor-element elementor-element-b8f69dd elementor-widget elementor-widget-heading\" data-id=\"b8f69dd\" data-element_type=\"widget\" data-e-type=\"widget\" data-widget_type=\"heading.default\">\n\t\t\t\t<div class=\"elementor-widget-container\">\n\t\t\t\t\t<h3 class=\"elementor-heading-title elementor-size-default\">Munich Wholesale Market (Sch\u00e4ftlarnstrasse, Sendling)<\/h3>\t\t\t\t<\/div>\n\t\t\t\t<\/div>\n\t\t\t\t<\/div>\n\t\t<div class=\"elementor-element elementor-element-ecea41a e-grid e-con-full e-con e-child\" data-id=\"ecea41a\" data-element_type=\"container\" data-e-type=\"container\">\n\t\t\t\t<div class=\"elementor-element elementor-element-fe1a9e5 elementor-widget elementor-widget-image\" data-id=\"fe1a9e5\" data-element_type=\"widget\" data-e-type=\"widget\" data-widget_type=\"image.default\">\n\t\t\t\t<div class=\"elementor-widget-container\">\n\t\t\t\t\t\t\t\t\t\t\t\t<figure class=\"wp-caption\">\n\t\t\t\t\t\t\t\t\t\t\t<a href=\"https:\/\/maerkte-muenchen.de\/unsere-maerkte\/grossmarkt.html\">\n\t\t\t\t\t\t\t<img fetchpriority=\"high\" decoding=\"async\" width=\"572\" height=\"831\" src=\"https:\/\/truckstop-electrification.de\/wp-content\/uploads\/2026\/03\/GMH2-1.jpg\" class=\"attachment-large size-large wp-image-1668\" alt=\"GMH2 1\" srcset=\"https:\/\/truckstop-electrification.de\/wp-content\/uploads\/2026\/03\/GMH2-1.jpg 572w, https:\/\/truckstop-electrification.de\/wp-content\/uploads\/2026\/03\/GMH2-1-206x300.jpg 206w\" sizes=\"(max-width: 572px) 100vw, 572px\" title=\"Projects\">\t\t\t\t\t\t\t\t<\/a>\n\t\t\t\t\t\t\t\t\t\t\t<figcaption class=\"widget-image-caption wp-caption-text\">Stroms\u00e4ulen an der Gro\u00dfmarkthalle - Infos zum Gro\u00dfmarkt: Klick auf das Foto<\/figcaption>\n\t\t\t\t\t\t\t\t\t\t<\/figure>\n\t\t\t\t\t\t\t\t\t<\/div>\n\t\t\t\t<\/div>\n\t\t\t\t<div class=\"elementor-element elementor-element-8ff22a9 elementor-widget elementor-widget-hfe-infocard\" data-id=\"8ff22a9\" data-element_type=\"widget\" data-e-type=\"widget\" data-widget_type=\"hfe-infocard.default\">\n\t\t\t\t<div class=\"elementor-widget-container\">\n\t\t\t\t\t\n\t\t<div class=\"hfe-infocard\">\n\t\t\t\t\t\t\t\t\t<div class=\"hfe-infocard-title-wrap\">\n\t\t\t\t<h3 class=\"hfe-infocard-title elementor-inline-editing\" data-elementor-setting-key=\"infocard_title\" data-elementor-inline-editing-toolbar=\"basic\" >Munich Wholesale Market<\/h3>\t\t\t<\/div>\n\t\t\t\t\t\t<div class=\"hfe-infocard-text-wrap\">\n\t\t\t\t<div class=\"hfe-infocard-text elementor-inline-editing\" data-elementor-setting-key=\"infocard_description\" data-elementor-inline-editing-toolbar=\"advanced\">\n\t\t\t\t\t<p>The Munich wholesale market at Sch\u00e4ftlarnstrasse 10, in cooperation with the municipal utilities, has installed a total of nine electric vehicle charging stations, each with two charging points for refrigerated trucks. Electricity is currently free for truck drivers.<br><br><b>\"Motto: Enjoy a Quit Night's Sleep and Clean Air. Connect your Cooling Engine to Electric Power Tonight!\"<\/b><\/p>\n<p><br><\/p>\n<p><b>Activities <br><\/b>Revising flyers, setting up signs, checking power pedestals, surveying\/gathering feedback from drivers and local logistics companies, contacting logistics companies, installing CEE power cables<\/p>\t\t\t\t<\/div>\n\t\t\t\t\t\t\t<\/div>\n\t\t<\/div>\n\n\t\t\t\t\t\t<\/div>\n\t\t\t\t<\/div>\n\t\t\t\t<\/div>\n\t\t<div class=\"elementor-element elementor-element-2395b0f e-con-full e-flex e-con e-child\" data-id=\"2395b0f\" data-element_type=\"container\" data-e-type=\"container\">\n\t\t<div class=\"elementor-element elementor-element-2bf9312 e-con-full e-flex e-con e-child\" data-id=\"2bf9312\" data-element_type=\"container\" data-e-type=\"container\">\n\t\t\t\t<div class=\"elementor-element elementor-element-80afc6e elementor-widget elementor-widget-heading\" data-id=\"80afc6e\" data-element_type=\"widget\" data-e-type=\"widget\" data-widget_type=\"heading.default\">\n\t\t\t\t<div class=\"elementor-widget-container\">\n\t\t\t\t\t<h2 class=\"elementor-heading-title elementor-size-default\">Flyer f\u00fcr LKW-Fahrer am Gro\u00dfmarkt<\/h2>\t\t\t\t<\/div>\n\t\t\t\t<\/div>\n\t\t\t\t<div class=\"elementor-element elementor-element-2b2b230 elementor-widget elementor-widget-heading\" data-id=\"2b2b230\" data-element_type=\"widget\" data-e-type=\"widget\" data-widget_type=\"heading.default\">\n\t\t\t\t<div class=\"elementor-widget-container\">\n\t\t\t\t\t<span class=\"elementor-heading-title elementor-size-default\">(click to enlarge)<\/span>\t\t\t\t<\/div>\n\t\t\t\t<\/div>\n\t\t\t\t<\/div>\n\t\t\t\t<div class=\"elementor-element elementor-element-32fe0f0 elementor-widget elementor-widget-image\" data-id=\"32fe0f0\" data-element_type=\"widget\" data-e-type=\"widget\" data-widget_type=\"image.default\">\n\t\t\t\t<div class=\"elementor-widget-container\">\n\t\t\t\t\t\t\t\t\t\t\t\t\t\t\t\t<a href=\"https:\/\/truckstop-electrification.de\/wp-content\/uploads\/2026\/04\/Flyer-Grossmarkt.jpg\">\n\t\t\t\t\t\t\t<img decoding=\"async\" width=\"453\" height=\"643\" src=\"https:\/\/truckstop-electrification.de\/wp-content\/uploads\/2026\/04\/Flyer-Grossmarkt.jpg\" class=\"attachment-large size-large wp-image-2865\" alt=\"flyer gro\u00dfmarkt\" srcset=\"https:\/\/truckstop-electrification.de\/wp-content\/uploads\/2026\/04\/Flyer-Grossmarkt.jpg 453w, https:\/\/truckstop-electrification.de\/wp-content\/uploads\/2026\/04\/Flyer-Grossmarkt-211x300.jpg 211w, https:\/\/truckstop-electrification.de\/wp-content\/uploads\/2026\/04\/Flyer-Grossmarkt-8x12.jpg 8w\" sizes=\"(max-width: 453px) 100vw, 453px\" title=\"Projects\">\t\t\t\t\t\t\t\t<\/a>\n\t\t\t\t\t\t\t\t\t\t\t\t\t\t\t<\/div>\n\t\t\t\t<\/div>\n\t\t\t\t<\/div>\n\t\t\t\t<\/div>\n\t\t\t\t\t<\/div>\n\t\t\t\t<\/div>\n\t\t<div class=\"elementor-element elementor-element-0c0694e e-flex e-con-boxed e-con e-parent\" data-id=\"0c0694e\" data-element_type=\"container\" data-e-type=\"container\">\n\t\t\t\t\t<div class=\"e-con-inner\">\n\t\t\t\t<div class=\"elementor-element elementor-element-4fc9638 elementor-widget-divider--view-line elementor-widget elementor-widget-divider\" data-id=\"4fc9638\" data-element_type=\"widget\" data-e-type=\"widget\" data-widget_type=\"divider.default\">\n\t\t\t\t<div class=\"elementor-widget-container\">\n\t\t\t\t\t\t\t<div class=\"elementor-divider\">\n\t\t\t<span class=\"elementor-divider-separator\">\n\t\t\t\t\t\t<\/span>\n\t\t<\/div>\n\t\t\t\t\t\t<\/div>\n\t\t\t\t<\/div>\n\t\t\t\t\t<\/div>\n\t\t\t\t<\/div>\n\t\t<div class=\"elementor-element elementor-element-91d0591 e-flex e-con-boxed e-con e-parent\" data-id=\"91d0591\" data-element_type=\"container\" data-e-type=\"container\">\n\t\t\t\t\t<div class=\"e-con-inner\">\n\t\t<div class=\"elementor-element elementor-element-a1d54fc e-con-full e-flex e-con e-child\" data-id=\"a1d54fc\" data-element_type=\"container\" data-e-type=\"container\">\n\t\t\t\t<div class=\"elementor-element elementor-element-3bac064 elementor-widget__width-inherit elementor-widget elementor-widget-heading\" data-id=\"3bac064\" data-element_type=\"widget\" data-e-type=\"widget\" data-widget_type=\"heading.default\">\n\t\t\t\t<div class=\"elementor-widget-container\">\n\t\t\t\t\t<h3 class=\"elementor-heading-title elementor-size-default\">Weitere TSE Initiativen (exemplarisch):<\/h3>\t\t\t\t<\/div>\n\t\t\t\t<\/div>\n\t\t\t\t<div class=\"elementor-element elementor-element-a59a823 elementor-widget__width-inherit elementor-widget elementor-widget-heading\" data-id=\"a59a823\" data-element_type=\"widget\" data-e-type=\"widget\" data-widget_type=\"heading.default\">\n\t\t\t\t<div class=\"elementor-widget-container\">\n\t\t\t\t\t<p class=\"elementor-heading-title elementor-size-default\">Schreiben an das Bundes-Verkehrsministeriums (BMV) im Rahmen des EKMI \n(Expertenforum klimafreundliche Mobilit\u00e4t und Infrastruktur)<\/p>\t\t\t\t<\/div>\n\t\t\t\t<\/div>\n\t\t\t\t<div class=\"elementor-element elementor-element-45a769c elementor-widget__width-inherit elementor-widget elementor-widget-heading\" data-id=\"45a769c\" data-element_type=\"widget\" data-e-type=\"widget\" data-widget_type=\"heading.default\">\n\t\t\t\t<div class=\"elementor-widget-container\">\n\t\t\t\t\t<p class=\"elementor-heading-title elementor-size-default\">Schreiben an Bundes-Umweltministerium<\/p>\t\t\t\t<\/div>\n\t\t\t\t<\/div>\n\t\t\t\t<div class=\"elementor-element elementor-element-fc7550a elementor-widget__width-inherit elementor-widget elementor-widget-heading\" data-id=\"fc7550a\" data-element_type=\"widget\" data-e-type=\"widget\" data-widget_type=\"heading.default\">\n\t\t\t\t<div class=\"elementor-widget-container\">\n\t\t\t\t\t<p class=\"elementor-heading-title elementor-size-default\">Schreiben an Verb\u00e4nde der Logistikunternehmen und Verb\u00e4nde<\/p>\t\t\t\t<\/div>\n\t\t\t\t<\/div>\n\t\t\t\t<div class=\"elementor-element elementor-element-60f526f elementor-widget__width-inherit elementor-widget elementor-widget-heading\" data-id=\"60f526f\" data-element_type=\"widget\" data-e-type=\"widget\" data-widget_type=\"heading.default\">\n\t\t\t\t<div class=\"elementor-widget-container\">\n\t\t\t\t\t<p class=\"elementor-heading-title elementor-size-default\">Schreiben an Autobahn GmbH<\/p>\t\t\t\t<\/div>\n\t\t\t\t<\/div>\n\t\t\t\t<div class=\"elementor-element elementor-element-1d292bc elementor-widget__width-inherit elementor-widget elementor-widget-heading\" data-id=\"1d292bc\" data-element_type=\"widget\" data-e-type=\"widget\" data-widget_type=\"heading.default\">\n\t\t\t\t<div class=\"elementor-widget-container\">\n\t\t\t\t\t<p class=\"elementor-heading-title elementor-size-default\">Austausch mit NOW GmbH <\/p>\t\t\t\t<\/div>\n\t\t\t\t<\/div>\n\t\t\t\t<div class=\"elementor-element elementor-element-8767cc9 elementor-widget__width-inherit elementor-widget elementor-widget-heading\" data-id=\"8767cc9\" data-element_type=\"widget\" data-e-type=\"widget\" data-widget_type=\"heading.default\">\n\t\t\t\t<div class=\"elementor-widget-container\">\n\t\t\t\t\t<p class=\"elementor-heading-title elementor-size-default\">Kontakt mit K\u00fchltrailer-Herstellern, Information \u00fcber Umschalt- und Standby-Modus erhalten<\/p>\t\t\t\t<\/div>\n\t\t\t\t<\/div>\n\t\t\t\t<div class=\"elementor-element elementor-element-a0fb0fb elementor-widget__width-inherit elementor-widget elementor-widget-heading\" data-id=\"a0fb0fb\" data-element_type=\"widget\" data-e-type=\"widget\" data-widget_type=\"heading.default\">\n\t\t\t\t<div class=\"elementor-widget-container\">\n\t\t\t\t\t<p class=\"elementor-heading-title elementor-size-default\">weitere...<\/p>\t\t\t\t<\/div>\n\t\t\t\t<\/div>\n\t\t\t\t<\/div>\n\t\t\t\t\t<\/div>\n\t\t\t\t<\/div>\n\t\t<div class=\"elementor-element elementor-element-4b56266 e-flex e-con-boxed e-con e-parent\" data-id=\"4b56266\" data-element_type=\"container\" data-e-type=\"container\">\n\t\t\t\t\t<div class=\"e-con-inner\">\n\t\t\t\t<div class=\"elementor-element elementor-element-ad470ae elementor-widget-divider--view-line elementor-widget elementor-widget-divider\" data-id=\"ad470ae\" data-element_type=\"widget\" data-e-type=\"widget\" data-widget_type=\"divider.default\">\n\t\t\t\t<div class=\"elementor-widget-container\">\n\t\t\t\t\t\t\t<div class=\"elementor-divider\">\n\t\t\t<span class=\"elementor-divider-separator\">\n\t\t\t\t\t\t<\/span>\n\t\t<\/div>\n\t\t\t\t\t\t<\/div>\n\t\t\t\t<\/div>\n\t\t\t\t\t<\/div>\n\t\t\t\t<\/div>\n\t\t\t\t<\/div>","protected":false},"excerpt":{"rendered":"<p>Projekte und Initiativen Gro\u00dfmarkt M\u00fcnchen (Sch\u00e4ftlarnstrasse, Sendling) Stroms\u00e4ulen an der Gro\u00dfmarkthalle &#8211; Infos zum Gro\u00dfmarkt: Klick auf das Foto Gro\u00dfmarkt M\u00fcnchen Die Gro\u00dfmarkthalle M\u00fcnchen in der Sch\u00e4ftlarnstrasse 10 hat in Zusammenarbeit mit den Stadtwerken insgesamt 9 Stromlades\u00e4ulen mit je 2 Ladepl\u00e4tzen f\u00fcr LKW-mit K\u00fchltrailern errichtet. Der Strom ist derzeit f\u00fcr die LKW-Fahrer kostenlos. &#8222;Motto: Enjoy&#8230;<\/p>","protected":false},"author":1,"featured_media":0,"parent":0,"menu_order":0,"comment_status":"closed","ping_status":"closed","template":"elementor_header_footer","meta":{"_kad_post_transparent":"","_kad_post_title":"","_kad_post_layout":"","_kad_post_sidebar_id":"","_kad_post_content_style":"","_kad_post_vertical_padding":"","_kad_post_feature":"","_kad_post_feature_position":"","_kad_post_header":false,"_kad_post_footer":false,"_kad_post_classname":"","footnotes":""},"class_list":["post-543","page","type-page","status-publish","hentry"],"_links":{"self":[{"href":"https:\/\/truckstop-electrification.de\/en\/wp-json\/wp\/v2\/pages\/543","targetHints":{"allow":["GET"]}}],"collection":[{"href":"https:\/\/truckstop-electrification.de\/en\/wp-json\/wp\/v2\/pages"}],"about":[{"href":"https:\/\/truckstop-electrification.de\/en\/wp-json\/wp\/v2\/types\/page"}],"author":[{"embeddable":true,"href":"https:\/\/truckstop-electrification.de\/en\/wp-json\/wp\/v2\/users\/1"}],"replies":[{"embeddable":true,"href":"https:\/\/truckstop-electrification.de\/en\/wp-json\/wp\/v2\/comments?post=543"}],"version-history":[{"count":10,"href":"https:\/\/truckstop-electrification.de\/en\/wp-json\/wp\/v2\/pages\/543\/revisions"}],"predecessor-version":[{"id":2871,"href":"https:\/\/truckstop-electrification.de\/en\/wp-json\/wp\/v2\/pages\/543\/revisions\/2871"}],"wp:attachment":[{"href":"https:\/\/truckstop-electrification.de\/en\/wp-json\/wp\/v2\/media?parent=543"}],"curies":[{"name":"wp","href":"https:\/\/api.w.org\/{rel}","templated":true}]}}