{"id":2157,"date":"2026-03-17T17:28:07","date_gmt":"2026-03-17T16:28:07","guid":{"rendered":"https:\/\/truckstop-electrification.de\/?page_id=2157"},"modified":"2026-03-17T17:41:52","modified_gmt":"2026-03-17T16:41:52","slug":"foerderung","status":"publish","type":"page","link":"https:\/\/truckstop-electrification.de\/en\/foerderung\/","title":{"rendered":"Gov. Support"},"content":{"rendered":"<div data-elementor-type=\"wp-page\" data-elementor-id=\"2157\" class=\"elementor elementor-2157\">\n\t\t\t\t<div class=\"elementor-element elementor-element-8fd4b14 e-flex e-con-boxed e-con e-parent\" data-id=\"8fd4b14\" data-element_type=\"container\" data-e-type=\"container\">\n\t\t\t\t\t<div class=\"e-con-inner\">\n\t\t\t\t<div class=\"elementor-element elementor-element-51eebd9 elementor-widget elementor-widget-heading\" data-id=\"51eebd9\" data-element_type=\"widget\" data-e-type=\"widget\" data-widget_type=\"heading.default\">\n\t\t\t\t<div class=\"elementor-widget-container\">\n\t\t\t\t\t<h2 class=\"elementor-heading-title elementor-size-default\">Gov. Support<\/h2>\t\t\t\t<\/div>\n\t\t\t\t<\/div>\n\t\t\t\t\t<\/div>\n\t\t\t\t<\/div>\n\t\t<div class=\"elementor-element elementor-element-196482a e-flex e-con-boxed e-con e-parent\" data-id=\"196482a\" data-element_type=\"container\" data-e-type=\"container\">\n\t\t\t\t\t<div class=\"e-con-inner\">\n\t\t\t\t<div class=\"elementor-element elementor-element-d08207c elementor-widget-divider--view-line elementor-widget elementor-widget-divider\" data-id=\"d08207c\" data-element_type=\"widget\" data-e-type=\"widget\" data-widget_type=\"divider.default\">\n\t\t\t\t<div class=\"elementor-widget-container\">\n\t\t\t\t\t\t\t<div class=\"elementor-divider\">\n\t\t\t<span class=\"elementor-divider-separator\">\n\t\t\t\t\t\t<\/span>\n\t\t<\/div>\n\t\t\t\t\t\t<\/div>\n\t\t\t\t<\/div>\n\t\t\t\t\t<\/div>\n\t\t\t\t<\/div>\n\t\t<div class=\"elementor-element elementor-element-7a09472 e-flex e-con-boxed e-con e-parent\" data-id=\"7a09472\" data-element_type=\"container\" data-e-type=\"container\">\n\t\t\t\t\t<div class=\"e-con-inner\">\n\t\t\t\t<div class=\"elementor-element elementor-element-ed2443b elementor-widget elementor-widget-text-editor\" data-id=\"ed2443b\" data-element_type=\"widget\" data-e-type=\"widget\" data-widget_type=\"text-editor.default\">\n\t\t\t\t<div class=\"elementor-widget-container\">\n\t\t\t\t\t\t\t\t\t<p class=\"translation-block\">Funding for Cabin Power in Germany<\/p><p class=\"translation-block\">In the Federal Republic of Germany, Cabin Power is funded through the funding program \u201cEnvironmental Protection and Safety\u201d (formerly \u201cDeminimis\u201d).<\/p><p><a href=\"https:\/\/www.balm.bund.de\/DE\/Foerderprogramme\/Gueterkraftverkehr\/Deminimis\/Umweltschutz_und_Sicherheit_2026\/umweltschutz_und_sicherheit_node.html\">F\u00f6rderprogramm <\/a><a href=\"https:\/\/www.balm.bund.de\/DE\/Foerderprogramme\/Gueterkraftverkehr\/Deminimis\/Umweltschutz_und_Sicherheit_2026\/umweltschutz_und_sicherheit_node.html\">Environmental protection and safety 2026 \u2013 Federal Office for Logistics and Mobility<\/a><\/p><p>Excerpt from the list of eligible measures:<\/p><ul><li>Category: Environmental Protection<\/li><li>Subcategory: Energy efficiency<\/li><li>Scope of measures: Chargers for powering the driver's cab and auxiliary equipment (e.g., liftgate and crane)<\/li><li>Description of measure in the proof of use: Charger for power supply<\/li><li>Funding rate: 80%<\/li><\/ul>\t\t\t\t\t\t\t\t<\/div>\n\t\t\t\t<\/div>\n\t\t<div class=\"elementor-element elementor-element-02f548b e-con-full e-flex e-con e-child\" data-id=\"02f548b\" data-element_type=\"container\" data-e-type=\"container\">\n\t\t\t\t<div class=\"elementor-element elementor-element-33abd82 elementor-widget-divider--view-line elementor-widget elementor-widget-divider\" data-id=\"33abd82\" data-element_type=\"widget\" data-e-type=\"widget\" data-widget_type=\"divider.default\">\n\t\t\t\t<div class=\"elementor-widget-container\">\n\t\t\t\t\t\t\t<div class=\"elementor-divider\">\n\t\t\t<span class=\"elementor-divider-separator\">\n\t\t\t\t\t\t<\/span>\n\t\t<\/div>\n\t\t\t\t\t\t<\/div>\n\t\t\t\t<\/div>\n\t\t\t\t<\/div>\n\t\t\t\t\t<\/div>\n\t\t\t\t<\/div>\n\t\t\t\t<\/div>","protected":false},"excerpt":{"rendered":"<p>F\u00f6rderung F\u00f6rderung f\u00fcr Cabin-Power in Deutschland In der Bundesrepublik Deutschland wir Cabin Power \u00fcber das F\u00f6rderprogramm \u201eUmweltschutz und Sicherheit\u201c (vormals \u201eDeminimis \u201c) gef\u00f6rdert. F\u00f6rderprogramm Umweltschutz und Sicherheit 2026 &#8211; Bundesamt f\u00fcr Logistik und Mobilit\u00e4t Auszug aus der Liste der f\u00f6rderf\u00e4higen Ma\u00dfnahmen: Kategorie: Umweltschutz Unterkategorie: Energieeffizienz Ma\u00dfnahmeninhalt: Ladeger\u00e4te zur Stromversorgung des Fahrerhauses und von Nebenverbrauchern \u00a0\u00a0\u00a0\u00a0\u00a0\u00a0(bspw&#8230;.<\/p>","protected":false},"author":1,"featured_media":0,"parent":0,"menu_order":0,"comment_status":"closed","ping_status":"closed","template":"","meta":{"_kad_post_transparent":"","_kad_post_title":"hide","_kad_post_layout":"fullwidth","_kad_post_sidebar_id":"","_kad_post_content_style":"unboxed","_kad_post_vertical_padding":"hide","_kad_post_feature":"hide","_kad_post_feature_position":"","_kad_post_header":false,"_kad_post_footer":false,"_kad_post_classname":"","footnotes":""},"class_list":["post-2157","page","type-page","status-publish","hentry"],"_links":{"self":[{"href":"https:\/\/truckstop-electrification.de\/en\/wp-json\/wp\/v2\/pages\/2157","targetHints":{"allow":["GET"]}}],"collection":[{"href":"https:\/\/truckstop-electrification.de\/en\/wp-json\/wp\/v2\/pages"}],"about":[{"href":"https:\/\/truckstop-electrification.de\/en\/wp-json\/wp\/v2\/types\/page"}],"author":[{"embeddable":true,"href":"https:\/\/truckstop-electrification.de\/en\/wp-json\/wp\/v2\/users\/1"}],"replies":[{"embeddable":true,"href":"https:\/\/truckstop-electrification.de\/en\/wp-json\/wp\/v2\/comments?post=2157"}],"version-history":[{"count":7,"href":"https:\/\/truckstop-electrification.de\/en\/wp-json\/wp\/v2\/pages\/2157\/revisions"}],"predecessor-version":[{"id":2179,"href":"https:\/\/truckstop-electrification.de\/en\/wp-json\/wp\/v2\/pages\/2157\/revisions\/2179"}],"wp:attachment":[{"href":"https:\/\/truckstop-electrification.de\/en\/wp-json\/wp\/v2\/media?parent=2157"}],"curies":[{"name":"wp","href":"https:\/\/api.w.org\/{rel}","templated":true}]}}