{"id":2027,"date":"2026-03-17T13:53:08","date_gmt":"2026-03-17T12:53:08","guid":{"rendered":"https:\/\/truckstop-electrification.de\/?page_id=2027"},"modified":"2026-04-09T16:45:21","modified_gmt":"2026-04-09T14:45:21","slug":"stecker-kabel","status":"publish","type":"page","link":"https:\/\/truckstop-electrification.de\/en\/stecker-kabel\/","title":{"rendered":"Stecker"},"content":{"rendered":"<div data-elementor-type=\"wp-page\" data-elementor-id=\"2027\" class=\"elementor elementor-2027\">\n\t\t\t\t<div class=\"elementor-element elementor-element-3264a0f e-flex e-con-boxed e-con e-parent\" data-id=\"3264a0f\" data-element_type=\"container\" data-e-type=\"container\">\n\t\t\t\t\t<div class=\"e-con-inner\">\n\t\t<div class=\"elementor-element elementor-element-205838d e-con-full e-flex e-con e-child\" data-id=\"205838d\" data-element_type=\"container\" data-e-type=\"container\">\n\t\t<div class=\"elementor-element elementor-element-8c638fb e-con-full e-flex e-con e-child\" data-id=\"8c638fb\" data-element_type=\"container\" data-e-type=\"container\">\n\t\t\t\t<div class=\"elementor-element elementor-element-76af3ff elementor-widget elementor-widget-menu-anchor\" data-id=\"76af3ff\" data-element_type=\"widget\" data-e-type=\"widget\" data-widget_type=\"menu-anchor.default\">\n\t\t\t\t<div class=\"elementor-widget-container\">\n\t\t\t\t\t\t\t<div class=\"elementor-menu-anchor\" id=\"Stecker\"><\/div>\n\t\t\t\t\t\t<\/div>\n\t\t\t\t<\/div>\n\t\t\t\t<\/div>\n\t\t<div class=\"elementor-element elementor-element-a33df1b e-con-full e-flex e-con e-child\" data-id=\"a33df1b\" data-element_type=\"container\" data-e-type=\"container\">\n\t\t\t\t<div class=\"elementor-element elementor-element-b45d6a2 elementor-widget elementor-widget-heading\" data-id=\"b45d6a2\" data-element_type=\"widget\" data-e-type=\"widget\" data-widget_type=\"heading.default\">\n\t\t\t\t<div class=\"elementor-widget-container\">\n\t\t\t\t\t<h2 class=\"elementor-heading-title elementor-size-default\">Plug &amp; Cable<\/h2>\t\t\t\t<\/div>\n\t\t\t\t<\/div>\n\t\t\t\t<\/div>\n\t\t\t\t<div class=\"elementor-element elementor-element-2a6e17d elementor-widget-divider--view-line elementor-widget elementor-widget-divider\" data-id=\"2a6e17d\" data-element_type=\"widget\" data-e-type=\"widget\" data-widget_type=\"divider.default\">\n\t\t\t\t<div class=\"elementor-widget-container\">\n\t\t\t\t\t\t\t<div class=\"elementor-divider\">\n\t\t\t<span class=\"elementor-divider-separator\">\n\t\t\t\t\t\t<\/span>\n\t\t<\/div>\n\t\t\t\t\t\t<\/div>\n\t\t\t\t<\/div>\n\t\t\t\t<\/div>\n\t\t\t\t<div class=\"elementor-element elementor-element-963676d elementor-widget elementor-widget-heading\" data-id=\"963676d\" data-element_type=\"widget\" data-e-type=\"widget\" data-widget_type=\"heading.default\">\n\t\t\t\t<div class=\"elementor-widget-container\">\n\t\t\t\t\t<h2 class=\"elementor-heading-title elementor-size-default\">Connection technology for refrigerated trailers and cabin power<\/h2>\t\t\t\t<\/div>\n\t\t\t\t<\/div>\n\t\t\t\t<div class=\"elementor-element elementor-element-2b3e6cf elementor-widget-divider--view-line elementor-widget elementor-widget-divider\" data-id=\"2b3e6cf\" data-element_type=\"widget\" data-e-type=\"widget\" data-widget_type=\"divider.default\">\n\t\t\t\t<div class=\"elementor-widget-container\">\n\t\t\t\t\t\t\t<div class=\"elementor-divider\">\n\t\t\t<span class=\"elementor-divider-separator\">\n\t\t\t\t\t\t<\/span>\n\t\t<\/div>\n\t\t\t\t\t\t<\/div>\n\t\t\t\t<\/div>\n\t\t\t\t\t<\/div>\n\t\t\t\t<\/div>\n\t\t<div class=\"elementor-element elementor-element-544f76b e-flex e-con-boxed e-con e-parent\" data-id=\"544f76b\" data-element_type=\"container\" data-e-type=\"container\">\n\t\t\t\t\t<div class=\"e-con-inner\">\n\t\t<div class=\"elementor-element elementor-element-3bef85a e-con-full e-flex e-con e-child\" data-id=\"3bef85a\" data-element_type=\"container\" data-e-type=\"container\">\n\t\t<div class=\"elementor-element elementor-element-9f51ce2 e-grid e-con-full e-con e-child\" data-id=\"9f51ce2\" data-element_type=\"container\" data-e-type=\"container\">\n\t\t\t\t<div class=\"elementor-element elementor-element-8044753 elementor-widget elementor-widget-hfe-infocard\" data-id=\"8044753\" data-element_type=\"widget\" data-e-type=\"widget\" data-widget_type=\"hfe-infocard.default\">\n\t\t\t\t<div class=\"elementor-widget-container\">\n\t\t\t\t\t\n\t\t<div class=\"hfe-infocard\">\n\t\t\t\t\t\t\t\t\t<div class=\"hfe-infocard-title-wrap\">\n\t\t\t\t<h5 class=\"hfe-infocard-title elementor-inline-editing\" data-elementor-setting-key=\"infocard_title\" data-elementor-inline-editing-toolbar=\"basic\" >1. CEE connector and charging cable for refrigerated trailers<\/h5>\t\t\t<\/div>\n\t\t\t\t\t\t<div class=\"hfe-infocard-text-wrap\">\n\t\t\t\t<div class=\"hfe-infocard-text elementor-inline-editing\" data-elementor-setting-key=\"infocard_description\" data-elementor-inline-editing-toolbar=\"advanced\">\n\t\t\t\t\t<p>Over 95% of all refrigeration units are equipped with a standardized electrical connection (CEE32A) as standard. Most trucks with refrigerated trailers have the corresponding charging cables.<br><br>Refrigerated trailers can be electrically operated if suitable power connections are available at parking spaces!<\/p>\n<p><span style=\"font-size: 28px;font-weight: 700\">Recommendation charging cable:<\/span><\/p>\n<p data-start=\"142\" data-end=\"161\"><strong data-start=\"142\" data-end=\"161\"><u>Power requirement:<\/u><\/strong><\/p>\n<ul data-start=\"163\" data-end=\"412\">\n<li data-section-id=\"hb7cy6\" data-start=\"163\" data-end=\"269\" class=\"translation-block\">Cooling units typically have a maximum power consumption of approximately 10\u201312 kW (3~ \/ approx. 14 A).<\/li>\n<li data-section-id=\"dxed98\" data-start=\"270\" data-end=\"412\" class=\"translation-block\">For supplying the driver's cab (\"Cabin Power\"), the power consumption with a 24V\/40A charger is approximately <strong data-start=\"389\" data-end=\"409\">1 kW (approx. 4.5 A)<\/strong>.<\/li>\n<li data-section-id=\"dxed98\" data-start=\"270\" data-end=\"412\" class=\"translation-block\">Total combined power: approx. 11\u201313 kW or 18\u201319 A<\/li>\n<\/ul>\n<div>\n<p data-start=\"484\" data-end=\"508\"><strong data-start=\"484\" data-end=\"508\"><u>Kabeldimensionierung:<\/u><\/strong><\/p>\n<ul data-start=\"510\" data-end=\"723\">\n<li data-section-id=\"1wguexs\" data-start=\"510\" data-end=\"598\" class=\"translation-block\">For this power range, a cable with a cross-section of 2.5 mm\u00b2 is generally sufficient.<\/li>\n<li data-section-id=\"1cwg97\" data-start=\"599\" data-end=\"723\" class=\"translation-block\">It must be ensured that the permissible continuous load of approx. 25 A (\u2248 17.5 kW) is not exceeded.<\/li>\n<li data-section-id=\"1cwg97\" data-start=\"599\" data-end=\"723\" class=\"translation-block\">For higher power ratings up to <strong data-start=\"754\" data-end=\"772\">32 A (\u2248 22 kW)<\/strong> we recommend a <strong data-start=\"791\" data-end=\"810\">cable with 4 mm\u00b2<\/strong>.<\/li>\n<\/ul>\n<div>\n<p data-start=\"818\" data-end=\"843\"><strong data-start=\"818\" data-end=\"843\"><u>Cable type (recommendation)<\/u><\/strong><\/p>\n<p data-start=\"845\" data-end=\"912\" class=\"translation-block\">We recommend an orange PUR cable, type H07BQ-F, because this:<\/p>\n<ul data-start=\"914\" data-end=\"1081\">\n<li data-section-id=\"1k16lkq\" data-start=\"914\" data-end=\"957\" class=\"translation-block\">is especially robust and abrasion-resistant<\/li>\n<li data-section-id=\"e3zxyj\" data-start=\"958\" data-end=\"1009\">\nremains flexible even at low temperatures\n<\/li>\n<li data-section-id=\"tnqpp9\" data-start=\"1010\" data-end=\"1081\" class=\"translation-block\">offers high visibility at rest areas (safety aspect)<\/li>\n<\/ul>\n<div>\n<p data-start=\"1088\" data-end=\"1107\"><strong data-start=\"1088\" data-end=\"1107\"><u>Plug standard:<\/u><\/strong><\/p>\n<ul data-start=\"1109\" data-end=\"1233\">\n<li data-section-id=\"mm4g35\" data-start=\"1109\" data-end=\"1145\" class=\"translation-block\">Use of <strong data-start=\"1126\" data-end=\"1143\">CEE 32A (red)<\/strong><\/li>\n<li data-section-id=\"1niu8og\" data-start=\"1146\" data-end=\"1233\" class=\"translation-block\">This plug is standard on refrigerated trailers and ensures compatibility.<\/li>\n<\/ul>\n<div>\n<p data-start=\"1240\" data-end=\"1254\"><span data-start=\"1240\" data-end=\"1254\"><u><b>Cable length<br><\/b><\/u><\/span><span>Since electrical hookups are not always located directly at the pitch, we recommend:<\/span><\/p>\n<p data-start=\"1256\" data-end=\"1337\">\n<\/p><ul>\n<li class=\"translation-block\">Minimum length: <b>15 meters<\/b><\/li>\n<\/ul>\n<div>\n<p data-start=\"1375\" data-end=\"1404\" style=\"font-size: medium\" class=\"translation-block\"><span data-start=\"1375\" data-end=\"1404\"><u><b>Sources:<br><\/b><\/u><\/span><span>Numerous suppliers of pre-assembled cables can be found on the internet. Examples:<\/span><\/p>\n<ul data-start=\"1489\" data-end=\"1702\" style=\"font-size: medium\">\n<li data-section-id=\"qbg4gy\" data-start=\"1489\" data-end=\"1602\">Weing\u00e4rtner Kabel GmbH<br data-start=\"1513\" data-end=\"1516\"><a data-start=\"1518\" data-end=\"1542\" rel=\"noopener\" target=\"_new\" class=\"decorated-link\" href=\"http:\/\/www.weingaertnerkabel.de\">www.weingaertnerkabel.de<\/a><br><\/li>\n<li data-section-id=\"hjz1m8\" data-start=\"1604\" data-end=\"1702\">Event-Kabel &amp; more<br data-start=\"1624\" data-end=\"1627\"><a data-start=\"1629\" data-end=\"1647\" rel=\"noopener\" target=\"_new\" class=\"decorated-link\" href=\"http:\/\/www.event-kabel.de\">www.event-kabel.de<\/a><br data-start=\"1674\" data-end=\"1677\"><em data-start=\"1679\" data-end=\"1700\">(Available in webshop)<\/em><\/li>\n<li data-section-id=\"hjz1m8\" data-start=\"1604\" data-end=\"1702\"><em data-start=\"1679\" data-end=\"1700\">others...<\/em><\/li>\n<\/ul>\n<\/div>\n<\/div>\n<\/div>\n<\/div>\n<\/div>\t\t\t\t<\/div>\n\t\t\t\t\t\t\t<\/div>\n\t\t<\/div>\n\n\t\t\t\t\t\t<\/div>\n\t\t\t\t<\/div>\n\t\t\t\t<div class=\"elementor-element elementor-element-9702ea9 elementor-widget__width-initial elementor-widget elementor-widget-image\" data-id=\"9702ea9\" data-element_type=\"widget\" data-e-type=\"widget\" data-widget_type=\"image.default\">\n\t\t\t\t<div class=\"elementor-widget-container\">\n\t\t\t\t\t\t\t\t\t\t\t\t<figure class=\"wp-caption\">\n\t\t\t\t\t\t\t\t\t\t<img fetchpriority=\"high\" decoding=\"async\" width=\"546\" height=\"696\" src=\"https:\/\/truckstop-electrification.de\/wp-content\/uploads\/2026\/04\/Stecker-und-Kabel.jpg\" class=\"attachment-large size-large wp-image-2848\" alt=\"stecker und kabel\" srcset=\"https:\/\/truckstop-electrification.de\/wp-content\/uploads\/2026\/04\/Stecker-und-Kabel.jpg 546w, https:\/\/truckstop-electrification.de\/wp-content\/uploads\/2026\/04\/Stecker-und-Kabel-235x300.jpg 235w, https:\/\/truckstop-electrification.de\/wp-content\/uploads\/2026\/04\/Stecker-und-Kabel-9x12.jpg 9w\" sizes=\"(max-width: 546px) 100vw, 546px\" title=\"Stecker\">\t\t\t\t\t\t\t\t\t\t\t<figcaption class=\"widget-image-caption wp-caption-text\"><\/figcaption>\n\t\t\t\t\t\t\t\t\t\t<\/figure>\n\t\t\t\t\t\t\t\t\t<\/div>\n\t\t\t\t<\/div>\n\t\t\t\t<\/div>\n\t\t\t\t<\/div>\n\t\t\t\t\t<\/div>\n\t\t\t\t<\/div>\n\t\t<div class=\"elementor-element elementor-element-cd4ed40 e-flex e-con-boxed e-con e-parent\" data-id=\"cd4ed40\" data-element_type=\"container\" data-e-type=\"container\">\n\t\t\t\t\t<div class=\"e-con-inner\">\n\t\t\t\t<div class=\"elementor-element elementor-element-b6b80af elementor-widget-divider--view-line elementor-widget elementor-widget-divider\" data-id=\"b6b80af\" data-element_type=\"widget\" data-e-type=\"widget\" data-widget_type=\"divider.default\">\n\t\t\t\t<div class=\"elementor-widget-container\">\n\t\t\t\t\t\t\t<div class=\"elementor-divider\">\n\t\t\t<span class=\"elementor-divider-separator\">\n\t\t\t\t\t\t<\/span>\n\t\t<\/div>\n\t\t\t\t\t\t<\/div>\n\t\t\t\t<\/div>\n\t\t<div class=\"elementor-element elementor-element-3124eb5 e-con-full e-flex e-con e-child\" data-id=\"3124eb5\" data-element_type=\"container\" data-e-type=\"container\">\n\t\t<div class=\"elementor-element elementor-element-4d37167 e-grid e-con-full e-con e-child\" data-id=\"4d37167\" data-element_type=\"container\" data-e-type=\"container\">\n\t\t\t\t<div class=\"elementor-element elementor-element-a4328d3 elementor-widget elementor-widget-hfe-infocard\" data-id=\"a4328d3\" data-element_type=\"widget\" data-e-type=\"widget\" data-widget_type=\"hfe-infocard.default\">\n\t\t\t\t<div class=\"elementor-widget-container\">\n\t\t\t\t\t\n\t\t<div class=\"hfe-infocard\">\n\t\t\t\t\t\t\t\t\t<div class=\"hfe-infocard-title-wrap\">\n\t\t\t\t<h5 class=\"hfe-infocard-title elementor-inline-editing\" data-elementor-setting-key=\"infocard_title\" data-elementor-inline-editing-toolbar=\"basic\" >2. L\u00f6sungen f\u00fcr Cabin Power<\/h5>\t\t\t<\/div>\n\t\t\t\t\t\t<div class=\"hfe-infocard-text-wrap\">\n\t\t\t\t<div class=\"hfe-infocard-text elementor-inline-editing\" data-elementor-setting-key=\"infocard_description\" data-elementor-inline-editing-toolbar=\"advanced\">\n\t\t\t\t\t<p>Many truck manufacturers offer an external power supply for cabin power as an optional extra.<\/p>\n<p><span>Regardless, by installing a battery charger, the vehicle's electrical system can be operated via the external power supply for cabin power and the vehicle battery can be charged.<\/span><\/p>\t\t\t\t<\/div>\n\t\t\t\t\t\t\t<\/div>\n\t\t<\/div>\n\n\t\t\t\t\t\t<\/div>\n\t\t\t\t<\/div>\n\t\t\t\t<div class=\"elementor-element elementor-element-fe2c564 elementor-widget elementor-widget-image\" data-id=\"fe2c564\" data-element_type=\"widget\" data-e-type=\"widget\" data-widget_type=\"image.default\">\n\t\t\t\t<div class=\"elementor-widget-container\">\n\t\t\t\t\t\t\t\t\t\t\t\t<figure class=\"wp-caption\">\n\t\t\t\t\t\t\t\t\t\t<img decoding=\"async\" width=\"304\" height=\"204\" src=\"https:\/\/truckstop-electrification.de\/wp-content\/uploads\/2026\/03\/Ladegeraet.png\" class=\"attachment-large size-large wp-image-1798\" alt=\"Ladegeraet\" srcset=\"https:\/\/truckstop-electrification.de\/wp-content\/uploads\/2026\/03\/Ladegeraet.png 304w, https:\/\/truckstop-electrification.de\/wp-content\/uploads\/2026\/03\/Ladegeraet-300x201.png 300w\" sizes=\"(max-width: 304px) 100vw, 304px\" title=\"Stecker\">\t\t\t\t\t\t\t\t\t\t\t<figcaption class=\"widget-image-caption wp-caption-text\">Beispiel DEFA-Batterieladeger\u00e4t  MultiCharger 40A 24V<\/figcaption>\n\t\t\t\t\t\t\t\t\t\t<\/figure>\n\t\t\t\t\t\t\t\t\t<\/div>\n\t\t\t\t<\/div>\n\t\t\t\t<\/div>\n\t\t\t\t<\/div>\n\t\t<div class=\"elementor-element elementor-element-a5c50e1 e-con-full e-flex e-con e-child\" data-id=\"a5c50e1\" data-element_type=\"container\" data-e-type=\"container\">\n\t\t\t\t<div class=\"elementor-element elementor-element-767f313 elementor-widget elementor-widget-button\" data-id=\"767f313\" data-element_type=\"widget\" data-e-type=\"widget\" data-widget_type=\"button.default\">\n\t\t\t\t<div class=\"elementor-widget-container\">\n\t\t\t\t\t\t\t\t\t<div class=\"elementor-button-wrapper\">\n\t\t\t\t\t<a class=\"elementor-button elementor-button-link elementor-size-sm\" href=\"#\">\n\t\t\t\t\t\t<span class=\"elementor-button-content-wrapper\">\n\t\t\t\t\t\t\t\t\t<span class=\"elementor-button-text\">See funding<\/span>\n\t\t\t\t\t<\/span>\n\t\t\t\t\t<\/a>\n\t\t\t\t<\/div>\n\t\t\t\t\t\t\t\t<\/div>\n\t\t\t\t<\/div>\n\t\t\t\t<\/div>\n\t\t<div class=\"elementor-element elementor-element-5c9c47f e-con-full e-flex e-con e-child\" data-id=\"5c9c47f\" data-element_type=\"container\" data-e-type=\"container\">\n\t\t\t\t<div class=\"elementor-element elementor-element-f299eb2 elementor-widget-divider--view-line elementor-widget elementor-widget-divider\" data-id=\"f299eb2\" data-element_type=\"widget\" data-e-type=\"widget\" data-widget_type=\"divider.default\">\n\t\t\t\t<div class=\"elementor-widget-container\">\n\t\t\t\t\t\t\t<div class=\"elementor-divider\">\n\t\t\t<span class=\"elementor-divider-separator\">\n\t\t\t\t\t\t<\/span>\n\t\t<\/div>\n\t\t\t\t\t\t<\/div>\n\t\t\t\t<\/div>\n\t\t\t\t<\/div>\n\t\t<div class=\"elementor-element elementor-element-f3d89a6 e-con-full e-flex e-con e-child\" data-id=\"f3d89a6\" data-element_type=\"container\" data-e-type=\"container\">\n\t\t<div class=\"elementor-element elementor-element-3a556c7 e-grid e-con-full e-con e-child\" data-id=\"3a556c7\" data-element_type=\"container\" data-e-type=\"container\">\n\t\t\t\t<div class=\"elementor-element elementor-element-2735284 elementor-widget elementor-widget-hfe-infocard\" data-id=\"2735284\" data-element_type=\"widget\" data-e-type=\"widget\" data-widget_type=\"hfe-infocard.default\">\n\t\t\t\t<div class=\"elementor-widget-container\">\n\t\t\t\t\t\n\t\t<div class=\"hfe-infocard\">\n\t\t\t\t\t\t\t\t\t<div class=\"hfe-infocard-title-wrap\">\n\t\t\t\t<h5 class=\"hfe-infocard-title elementor-inline-editing\" data-elementor-setting-key=\"infocard_title\" data-elementor-inline-editing-toolbar=\"basic\" >3. Integration des Batterieladeger\u00e4tes im LKW<\/h5>\t\t\t<\/div>\n\t\t\t\t\t\t<div class=\"hfe-infocard-text-wrap\">\n\t\t\t\t<div class=\"hfe-infocard-text elementor-inline-editing\" data-elementor-setting-key=\"infocard_description\" data-elementor-inline-editing-toolbar=\"advanced\">\n\t\t\t\t\t<p>The 230V connection required for operating the manufacturer-specific special equipment of the charger can be provided via an adapter if a 400V-CEE-32A connection is already available \u2013 even with cooling units connected at the same time.<\/p>\n<p><span>Alternatively, the existing power connection on many cooling units can be replaced with a suitable plug.<\/span><br><\/p>\n<p class=\"translation-block\">Alle ben\u00f6tigten Komponenten sind im Fachhandel erh\u00e4ltlich.<br>\r\nz.B.&nbsp;<a href=\"http:\/\/www.thewashop24.com\" target=\"_blank\">www.thewashop24.com<\/a><\/p>\t\t\t\t<\/div>\n\t\t\t\t\t\t\t<\/div>\n\t\t<\/div>\n\n\t\t\t\t\t\t<\/div>\n\t\t\t\t<\/div>\n\t\t\t\t<div class=\"elementor-element elementor-element-4cb24ec elementor-widget elementor-widget-image\" data-id=\"4cb24ec\" data-element_type=\"widget\" data-e-type=\"widget\" data-widget_type=\"image.default\">\n\t\t\t\t<div class=\"elementor-widget-container\">\n\t\t\t\t\t\t\t\t\t\t\t\t<figure class=\"wp-caption\">\n\t\t\t\t\t\t\t\t\t\t<img decoding=\"async\" width=\"551\" height=\"354\" src=\"https:\/\/truckstop-electrification.de\/wp-content\/uploads\/2026\/03\/Ladegeraet-Anschluss.jpg\" class=\"attachment-large size-large wp-image-2093\" alt=\"Ladegeraet Anschluss\" srcset=\"https:\/\/truckstop-electrification.de\/wp-content\/uploads\/2026\/03\/Ladegeraet-Anschluss.jpg 551w, https:\/\/truckstop-electrification.de\/wp-content\/uploads\/2026\/03\/Ladegeraet-Anschluss-300x193.jpg 300w\" sizes=\"(max-width: 551px) 100vw, 551px\" title=\"Stecker\">\t\t\t\t\t\t\t\t\t\t\t<figcaption class=\"widget-image-caption wp-caption-text\">230V connection to CEE<\/figcaption>\n\t\t\t\t\t\t\t\t\t\t<\/figure>\n\t\t\t\t\t\t\t\t\t<\/div>\n\t\t\t\t<\/div>\n\t\t\t\t<\/div>\n\t\t\t\t<\/div>\n\t\t\t\t\t<\/div>\n\t\t\t\t<\/div>\n\t\t<div class=\"elementor-element elementor-element-326a42f e-flex e-con-boxed e-con e-parent\" data-id=\"326a42f\" data-element_type=\"container\" data-e-type=\"container\">\n\t\t\t\t\t<div class=\"e-con-inner\">\n\t\t\t\t<div class=\"elementor-element elementor-element-6bc1502 elementor-widget-divider--view-line elementor-widget elementor-widget-divider\" data-id=\"6bc1502\" data-element_type=\"widget\" data-e-type=\"widget\" data-widget_type=\"divider.default\">\n\t\t\t\t<div class=\"elementor-widget-container\">\n\t\t\t\t\t\t\t<div class=\"elementor-divider\">\n\t\t\t<span class=\"elementor-divider-separator\">\n\t\t\t\t\t\t<\/span>\n\t\t<\/div>\n\t\t\t\t\t\t<\/div>\n\t\t\t\t<\/div>\n\t\t\t\t\t<\/div>\n\t\t\t\t<\/div>\n\t\t\t\t<\/div>","protected":false},"excerpt":{"rendered":"<p>Stecker &amp; Kabel Anschluss-Technik f\u00fcr K\u00fchltrailer und Cabin-Power 1. CEE-Anschluss und Ladekabel f\u00fcr K\u00fchlauflieger \u00dcber 95 % aller K\u00fchlaggregate sind serienm\u00e4\u00dfig mit einem genormten Stromanschluss ausgestattet (CEE32A). Die meisten LKW mit K\u00fchlauflieger verf\u00fcgen \u00fcber entsprechende Ladekabel. Die K\u00fchlauflieger k\u00f6nnen elektrisch betrieben werden, wenn geeignete Stromanschl\u00fcsse an Stellpl\u00e4tzen zur Verf\u00fcgung stehen! Empfehlung Ladekabel: Leistungsbedarf: K\u00fchlaggregate haben&#8230;<\/p>","protected":false},"author":1,"featured_media":0,"parent":0,"menu_order":0,"comment_status":"closed","ping_status":"closed","template":"","meta":{"_kad_post_transparent":"","_kad_post_title":"hide","_kad_post_layout":"fullwidth","_kad_post_sidebar_id":"","_kad_post_content_style":"unboxed","_kad_post_vertical_padding":"hide","_kad_post_feature":"hide","_kad_post_feature_position":"","_kad_post_header":false,"_kad_post_footer":false,"_kad_post_classname":"","footnotes":""},"class_list":["post-2027","page","type-page","status-publish","hentry"],"_links":{"self":[{"href":"https:\/\/truckstop-electrification.de\/en\/wp-json\/wp\/v2\/pages\/2027","targetHints":{"allow":["GET"]}}],"collection":[{"href":"https:\/\/truckstop-electrification.de\/en\/wp-json\/wp\/v2\/pages"}],"about":[{"href":"https:\/\/truckstop-electrification.de\/en\/wp-json\/wp\/v2\/types\/page"}],"author":[{"embeddable":true,"href":"https:\/\/truckstop-electrification.de\/en\/wp-json\/wp\/v2\/users\/1"}],"replies":[{"embeddable":true,"href":"https:\/\/truckstop-electrification.de\/en\/wp-json\/wp\/v2\/comments?post=2027"}],"version-history":[{"count":10,"href":"https:\/\/truckstop-electrification.de\/en\/wp-json\/wp\/v2\/pages\/2027\/revisions"}],"predecessor-version":[{"id":2863,"href":"https:\/\/truckstop-electrification.de\/en\/wp-json\/wp\/v2\/pages\/2027\/revisions\/2863"}],"wp:attachment":[{"href":"https:\/\/truckstop-electrification.de\/en\/wp-json\/wp\/v2\/media?parent=2027"}],"curies":[{"name":"wp","href":"https:\/\/api.w.org\/{rel}","templated":true}]}}