{"id":1882,"date":"2026-03-17T00:26:14","date_gmt":"2026-03-16T23:26:14","guid":{"rendered":"https:\/\/truckstop-electrification.de\/?page_id=1882"},"modified":"2026-03-17T14:45:22","modified_gmt":"2026-03-17T13:45:22","slug":"impressum","status":"publish","type":"page","link":"https:\/\/truckstop-electrification.de\/en\/impressum\/","title":{"rendered":"Impressum"},"content":{"rendered":"<div data-elementor-type=\"wp-page\" data-elementor-id=\"1882\" class=\"elementor elementor-1882\">\n\t\t\t\t<div class=\"elementor-element elementor-element-8e56f65 e-flex e-con-boxed e-con e-parent\" data-id=\"8e56f65\" data-element_type=\"container\" data-e-type=\"container\">\n\t\t\t\t\t<div class=\"e-con-inner\">\n\t\t<div class=\"elementor-element elementor-element-c8cd817 e-con-full e-flex e-con e-child\" data-id=\"c8cd817\" data-element_type=\"container\" data-e-type=\"container\">\n\t\t\t\t<div class=\"elementor-element elementor-element-e2ef117 elementor-widget elementor-widget-heading\" data-id=\"e2ef117\" data-element_type=\"widget\" data-e-type=\"widget\" data-widget_type=\"heading.default\">\n\t\t\t\t<div class=\"elementor-widget-container\">\n\t\t\t\t\t<h2 class=\"elementor-heading-title elementor-size-default\">Impressum<\/h2>\t\t\t\t<\/div>\n\t\t\t\t<\/div>\n\t\t\t\t<\/div>\n\t\t\t\t<div class=\"elementor-element elementor-element-e42e18b elementor-widget elementor-widget-text-editor\" data-id=\"e42e18b\" data-element_type=\"widget\" data-e-type=\"widget\" data-widget_type=\"text-editor.default\">\n\t\t\t\t<div class=\"elementor-widget-container\">\n\t\t\t\t\t\t\t\t\t<p><strong><u>IMPRESSUM<\/u><\/strong><\/p><p>Angaben gem\u00e4\u00df \u00a7 5 DDG (Digitale-Dienste-Gesetz)<\/p><p>Truck Stop Electrification (TSE) ist eine Initiative der Agenda 21 Ottobrunn-Neubiberg zur F\u00f6rderung der elektrischen Energieversorgung von Lkw w\u00e4hrend Standzeiten an Autobahnrastst\u00e4tten und Logistikstandorten.<\/p><p><strong>Betreiber der Website:<\/strong><\/p><p>Axel Ginkel<br \/>Tannenstr. 28<br \/>85579 Neubiberg<br \/>Deutschland<\/p><p>c\/o Dieter Heber, Agenda21 Ottobrunn-Neubiberg<br \/>Arbeitskreis Energie &amp; Klima<\/p><p><strong>Kontakt:\u00a0<br \/><\/strong>E-Mail:\u00a0<a href=\"mailto:axel.ginkel@truckstop-electrification.de\">axel.ginkel@truckstop-electrification.de<\/a><\/p><p><strong>Verantwortlich<\/strong>\u00a0f\u00fcr den Inhalt nach \u00a7 18 Abs. 2 MStV:<\/p><p>Axel Ginkel<br \/>Tannenstr. 28<br \/>85579 Neubiberg<br \/>Deutschland<\/p><p><strong>\u00dcber diese Website:<\/strong><br \/>Diese Website informiert \u00fcber die Initiative \u201eTruck Stop Electrification (TSE)\u201c \u2013 eine Infrastruktur- und Klimaschutzl\u00f6sung\u00a0zur elektrischen Energieversorgung von Lkw w\u00e4hrend Stand- und Ruhezeiten an Autobahnrastst\u00e4tten, Logistikzentren und\u00a0Lkw-Parkpl\u00e4tzen.<\/p><p>Ziel ist es:<br \/>&#8211; den Dieselbetrieb von K\u00fchlaggregaten und Motoren im Stand zu reduzieren<br \/>&#8211; CO\u2082\u2011Emissionen, Feinstaub und L\u00e4rm im G\u00fcterverkehr zu senken<br \/>&#8211; eine wirtschaftliche Stromversorgung f\u00fcr K\u00fchltrailer, Cabin Power und E\u2011Lkw zu erm\u00f6glichen<br \/>&#8211; eine pragmatische Erg\u00e4nzung zur Ladeinfrastruktur f\u00fcr elektrische Lkw zu schaffen<\/p><p>Die Inhalte dieser Website richten sich insbesondere an:<br \/>&#8211; Politik und Verwaltung<br \/>&#8211; Logistik- und Transportunternehmen<br \/>&#8211; Betreiber von Rastanlagen und Autoh\u00f6fen<br \/>&#8211; Energie- und Infrastrukturunternehmen<br \/>&#8211; interessierte \u00d6ffentlichkeit<\/p><p><strong>Haftung f\u00fcr Inhalte<\/strong><br \/>Die Inhalte unserer Seiten wurden mit gr\u00f6\u00dfter Sorgfalt erstellt.<br \/>F\u00fcr die Richtigkeit, Vollst\u00e4ndigkeit und Aktualit\u00e4t der Inhalte k\u00f6nnen wir jedoch keine Gew\u00e4hr \u00fcbernehmen.<br \/>Als Diensteanbieter sind wir gem\u00e4\u00df \u00a7 7 Abs.1 DDG f\u00fcr eigene Inhalte auf diesen Seiten nach den allgemeinen Gesetzen verantwortlich.<\/p><p><strong>Haftung f\u00fcr Links<\/strong><br \/>Unser Angebot enth\u00e4lt Links zu externen Websites Dritter, auf deren Inhalte wir keinen Einfluss haben.<br \/>Deshalb k\u00f6nnen wir f\u00fcr diese fremden Inhalte auch keine Gew\u00e4hr \u00fcbernehmen.<\/p><p><strong>Urheberrecht<\/strong><br \/>Die durch die Seitenbetreiber erstellten Inhalte und Werke auf diesen Seiten unterliegen dem deutschen Urheberrecht.<br \/>Beitr\u00e4ge Dritter sind als solche gekennzeichnet.<\/p>\t\t\t\t\t\t\t\t<\/div>\n\t\t\t\t<\/div>\n\t\t\t\t\t<\/div>\n\t\t\t\t<\/div>\n\t\t<div class=\"elementor-element elementor-element-74513cb e-flex e-con-boxed e-con e-parent\" data-id=\"74513cb\" data-element_type=\"container\" data-e-type=\"container\">\n\t\t\t\t\t<div class=\"e-con-inner\">\n\t\t\t\t<div class=\"elementor-element elementor-element-3505c4d elementor-widget-divider--view-line elementor-widget elementor-widget-divider\" data-id=\"3505c4d\" data-element_type=\"widget\" data-e-type=\"widget\" data-widget_type=\"divider.default\">\n\t\t\t\t<div class=\"elementor-widget-container\">\n\t\t\t\t\t\t\t<div class=\"elementor-divider\">\n\t\t\t<span class=\"elementor-divider-separator\">\n\t\t\t\t\t\t<\/span>\n\t\t<\/div>\n\t\t\t\t\t\t<\/div>\n\t\t\t\t<\/div>\n\t\t\t\t\t<\/div>\n\t\t\t\t<\/div>\n\t\t\t\t<\/div>","protected":false},"excerpt":{"rendered":"<p>Impressum IMPRESSUM Angaben gem\u00e4\u00df \u00a7 5 DDG (Digitale-Dienste-Gesetz) Truck Stop Electrification (TSE) ist eine Initiative der Agenda 21 Ottobrunn-Neubiberg zur F\u00f6rderung der elektrischen Energieversorgung von Lkw w\u00e4hrend Standzeiten an Autobahnrastst\u00e4tten und Logistikstandorten. Betreiber der Website: Axel GinkelTannenstr. 2885579 NeubibergDeutschland c\/o Dieter Heber, Agenda21 Ottobrunn-NeubibergArbeitskreis Energie &amp; Klima Kontakt:\u00a0E-Mail:\u00a0axel.ginkel@truckstop-electrification.de Verantwortlich\u00a0f\u00fcr den Inhalt nach \u00a7 18 Abs&#8230;.<\/p>","protected":false},"author":1,"featured_media":0,"parent":0,"menu_order":0,"comment_status":"closed","ping_status":"closed","template":"","meta":{"_kad_post_transparent":"","_kad_post_title":"hide","_kad_post_layout":"fullwidth","_kad_post_sidebar_id":"","_kad_post_content_style":"unboxed","_kad_post_vertical_padding":"hide","_kad_post_feature":"hide","_kad_post_feature_position":"","_kad_post_header":false,"_kad_post_footer":false,"_kad_post_classname":"","footnotes":""},"class_list":["post-1882","page","type-page","status-publish","hentry"],"_links":{"self":[{"href":"https:\/\/truckstop-electrification.de\/en\/wp-json\/wp\/v2\/pages\/1882","targetHints":{"allow":["GET"]}}],"collection":[{"href":"https:\/\/truckstop-electrification.de\/en\/wp-json\/wp\/v2\/pages"}],"about":[{"href":"https:\/\/truckstop-electrification.de\/en\/wp-json\/wp\/v2\/types\/page"}],"author":[{"embeddable":true,"href":"https:\/\/truckstop-electrification.de\/en\/wp-json\/wp\/v2\/users\/1"}],"replies":[{"embeddable":true,"href":"https:\/\/truckstop-electrification.de\/en\/wp-json\/wp\/v2\/comments?post=1882"}],"version-history":[{"count":10,"href":"https:\/\/truckstop-electrification.de\/en\/wp-json\/wp\/v2\/pages\/1882\/revisions"}],"predecessor-version":[{"id":2076,"href":"https:\/\/truckstop-electrification.de\/en\/wp-json\/wp\/v2\/pages\/1882\/revisions\/2076"}],"wp:attachment":[{"href":"https:\/\/truckstop-electrification.de\/en\/wp-json\/wp\/v2\/media?parent=1882"}],"curies":[{"name":"wp","href":"https:\/\/api.w.org\/{rel}","templated":true}]}}