{"id":1680,"date":"2026-03-15T14:11:23","date_gmt":"2026-03-15T13:11:23","guid":{"rendered":"https:\/\/truckstop-electrification.de\/?page_id=1680"},"modified":"2026-03-30T20:36:10","modified_gmt":"2026-03-30T18:36:10","slug":"kuehltrailer","status":"publish","type":"page","link":"https:\/\/truckstop-electrification.de\/en\/kuehltrailer\/","title":{"rendered":"Kuehltrailer"},"content":{"rendered":"<div data-elementor-type=\"wp-page\" data-elementor-id=\"1680\" class=\"elementor elementor-1680\">\n\t\t\t\t<div class=\"elementor-element elementor-element-95f6060 e-flex e-con-boxed e-con e-parent\" data-id=\"95f6060\" data-element_type=\"container\" data-e-type=\"container\">\n\t\t\t\t\t<div class=\"e-con-inner\">\n\t\t\t\t<div class=\"elementor-element elementor-element-9d1638c elementor-widget elementor-widget-heading\" data-id=\"9d1638c\" data-element_type=\"widget\" data-e-type=\"widget\" data-widget_type=\"heading.default\">\n\t\t\t\t<div class=\"elementor-widget-container\">\n\t\t\t\t\t<h2 class=\"elementor-heading-title elementor-size-default\">Overview of common cooling units with electric standby<\/h2>\t\t\t\t<\/div>\n\t\t\t\t<\/div>\n\t\t<div class=\"elementor-element elementor-element-6636efc e-con-full e-flex e-con e-child\" data-id=\"6636efc\" data-element_type=\"container\" data-e-type=\"container\">\n\t\t\t\t<div class=\"elementor-element elementor-element-879742c elementor-widget elementor-widget-text-editor\" data-id=\"879742c\" data-element_type=\"widget\" data-e-type=\"widget\" data-widget_type=\"text-editor.default\">\n\t\t\t\t<div class=\"elementor-widget-container\">\n\t\t\t\t\t\t\t\t\t<p>Notice:<br \/><img decoding=\"async\" class=\"emoji\" role=\"img\" draggable=\"false\" src=\"https:\/\/s.w.org\/images\/core\/emoji\/17.0.2\/svg\/26a1.svg\" alt=\"\u26a1\" title=\"Kuehltrailer\"> = External power supply possible (CEE 400V \/ 32A)<br \/><img decoding=\"async\" class=\"emoji\" role=\"img\" draggable=\"false\" src=\"https:\/\/s.w.org\/images\/core\/emoji\/17.0.2\/svg\/1f504.svg\" alt=\"\ud83d\udd04\" title=\"Kuehltrailer\"> = Automatic switch to diesel in case of power failure<\/p><p>(No guarantee, please refer to the manufacturer's operating instructions!)<\/p>\t\t\t\t\t\t\t\t<\/div>\n\t\t\t\t<\/div>\n\t\t\t\t<\/div>\n\t\t\t\t\t<\/div>\n\t\t\t\t<\/div>\n\t\t<div class=\"elementor-element elementor-element-01936a5 e-flex e-con-boxed e-con e-parent\" data-id=\"01936a5\" data-element_type=\"container\" data-e-type=\"container\">\n\t\t\t\t\t<div class=\"e-con-inner\">\n\t\t\t\t<div class=\"elementor-element elementor-element-14d0e90 elementor-widget elementor-widget-text-editor\" data-id=\"14d0e90\" data-element_type=\"widget\" data-e-type=\"widget\" data-widget_type=\"text-editor.default\">\n\t\t\t\t<div class=\"elementor-widget-container\">\n\t\t\t\t\t\t\t\t\t<table><tbody><tr><td width=\"102\"><p><strong>Manufacturer<\/strong><\/p><\/td><td width=\"129\"><p><strong>Model series \/ version<\/strong><\/p><\/td><td width=\"97\"><p><strong>External power operation<br \/>(Electric-Standby)<\/strong><\/p><\/td><td width=\"124\"><p><strong>Auto switching<br \/>to diesel operation <br \/>in the event of a power failure<\/strong><\/p><\/td><\/tr><tr><td width=\"102\"><p>Thermo King<\/p><\/td><td width=\"129\"><p>SLXi 200 \/ 300 \/ 400<\/p><\/td><td width=\"97\"><p>yes<\/p><\/td><td width=\"124\"><p>yes<\/p><\/td><\/tr><tr><td width=\"102\"><p>Thermo King<\/p><\/td><td width=\"129\"><p>SLXi Spectrum<\/p><\/td><td width=\"97\"><p>yes<\/p><\/td><td width=\"124\"><p>yes<\/p><\/td><\/tr><tr><td width=\"102\"><p>Thermo King<\/p><\/td><td width=\"129\"><p>Advancer A\u2011400 \/ A\u2011500 \/ A\u2011600<\/p><\/td><td width=\"97\"><p>\u26a1 Optional<\/p><\/td><td width=\"124\"><p>yes<\/p><\/td><\/tr><tr><td width=\"102\"><p>Thermo King<\/p><\/td><td width=\"129\"><p>Advancer Spectrum<\/p><\/td><td width=\"97\"><p>\u26a1 Optional<\/p><\/td><td width=\"124\"><p>yes<\/p><\/td><\/tr><tr><td width=\"102\"><p>Thermo King<\/p><\/td><td width=\"129\"><p>Precedent S\u2011600 \/ S\u2011700 \/ S\u2011800<\/p><\/td><td width=\"97\"><p>yes<\/p><\/td><td width=\"124\"><p>yes<\/p><\/td><\/tr><tr><td width=\"102\"><p>\u00a0<\/p><\/td><td width=\"129\"><p>\u00a0<\/p><\/td><td width=\"97\"><p>\u00a0<\/p><\/td><td width=\"124\"><p>\u00a0<\/p><\/td><\/tr><tr><td width=\"102\"><p>Carrier Transicold<\/p><\/td><td width=\"129\"><p>Vector 1550 \/ 1950<\/p><\/td><td width=\"97\"><p>yes<\/p><\/td><td width=\"124\"><p>yes<\/p><\/td><\/tr><tr><td width=\"102\"><p>Carrier Transicold<\/p><\/td><td width=\"129\"><p>Vector HE 17 \/ HE 19<\/p><\/td><td width=\"97\"><p>yes<\/p><\/td><td width=\"124\"><p>yes<\/p><\/td><\/tr><tr><td width=\"102\"><p>Carrier Transicold<\/p><\/td><td width=\"129\"><p>Maxima 1200 \/ 1300<\/p><\/td><td width=\"97\"><p>yes<\/p><\/td><td width=\"124\"><p><strong>No<\/strong><\/p><\/td><\/tr><tr><td width=\"102\"><p>Carrier Transicold<\/p><\/td><td width=\"129\"><p>Supra 1150 \/ 1250 HE<\/p><\/td><td width=\"97\"><p>yes<\/p><\/td><td width=\"124\"><p>yes<\/p><\/td><\/tr><tr><td width=\"102\"><p>Carrier Transicold<\/p><\/td><td width=\"129\"><p>Supra 1150 \/ 1250<\/p><\/td><td width=\"97\"><p>yes<\/p><\/td><td width=\"124\"><p>yes<\/p><\/td><\/tr><tr><td width=\"102\"><p>\u00a0<\/p><\/td><td width=\"129\"><p>\u00a0<\/p><\/td><td width=\"97\"><p>\u00a0<\/p><\/td><td width=\"124\"><p>\u00a0<\/p><\/td><\/tr><tr><td width=\"102\"><p>Mitsubishi<\/p><\/td><td width=\"129\"><p>TEK \/ TU Series<\/p><\/td><td width=\"97\"><p>yes<\/p><\/td><td width=\"124\"><p>yes<\/p><\/td><\/tr><tr><td width=\"102\"><p>Mitsubishi<\/p><\/td><td width=\"129\"><p>TD Series<\/p><\/td><td width=\"97\"><p>yes<\/p><\/td><td width=\"124\"><p>yes<\/p><\/td><\/tr><tr><td width=\"102\"><p>\u00a0<\/p><\/td><td width=\"129\"><p>\u00a0<\/p><\/td><td width=\"97\"><p>\u00a0<\/p><\/td><td width=\"124\"><p>\u00a0<\/p><\/td><\/tr><tr><td width=\"102\"><p>Zanotti<\/p><\/td><td width=\"129\"><p>DFZ \/ DFZL<\/p><\/td><td width=\"97\"><p>yes<\/p><\/td><td width=\"124\"><p>yes<\/p><\/td><\/tr><tr><td width=\"102\"><p>Zanotti<\/p><\/td><td width=\"129\"><p>UNO \/ ZERO<\/p><\/td><td width=\"97\"><p>yes<\/p><\/td><td width=\"124\"><p>yes<\/p><\/td><\/tr><tr><td width=\"102\"><p>\u00a0<\/p><\/td><td width=\"129\"><p>\u00a0<\/p><\/td><td width=\"97\"><p>\u00a0<\/p><\/td><td width=\"124\"><p>\u00a0<\/p><\/td><\/tr><tr><td width=\"102\"><p>Schmitz Cargobull<\/p><\/td><td width=\"129\"><p>S.CU V2<\/p><\/td><td width=\"97\"><p>yes<\/p><\/td><td width=\"124\"><p>yes<\/p><\/td><\/tr><tr><td width=\"102\"><p>Schmitz Cargobull<\/p><\/td><td width=\"129\"><p>S.CU V2 MultiTemp<\/p><\/td><td width=\"97\"><p>yes<\/p><\/td><td width=\"124\"><p>yes<\/p><\/td><\/tr><\/tbody><\/table>\t\t\t\t\t\t\t\t<\/div>\n\t\t\t\t<\/div>\n\t\t\t\t\t<\/div>\n\t\t\t\t<\/div>\n\t\t\t\t<\/div>","protected":false},"excerpt":{"rendered":"<p>\u00dcbersicht der g\u00e4ngigen K\u00fchlaggregate mit Electric Standby Hinweis: = Externe Stromversorgung m\u00f6glich (CEE 400V \/ 32A) = Automatische Umschaltung auf Diesel bei Stromausfall (Ohne Gew\u00e4hr, bitte Betriebsanleitung des Herstellers beachten!) Hersteller Modellreihe \/ Version Externer Strombetrieb(Electric-Standby) Auto-Umschaltungauf Dieselbetrieb bei Stromausfall Thermo King SLXi 200 \/ 300 \/ 400 \u26a1 Ja \ud83d\udd04 Ja Thermo King SLXi&#8230;<\/p>","protected":false},"author":1,"featured_media":0,"parent":0,"menu_order":0,"comment_status":"closed","ping_status":"closed","template":"","meta":{"_kad_post_transparent":"","_kad_post_title":"hide","_kad_post_layout":"fullwidth","_kad_post_sidebar_id":"","_kad_post_content_style":"unboxed","_kad_post_vertical_padding":"hide","_kad_post_feature":"hide","_kad_post_feature_position":"","_kad_post_header":false,"_kad_post_footer":false,"_kad_post_classname":"","footnotes":""},"class_list":["post-1680","page","type-page","status-publish","hentry"],"_links":{"self":[{"href":"https:\/\/truckstop-electrification.de\/en\/wp-json\/wp\/v2\/pages\/1680","targetHints":{"allow":["GET"]}}],"collection":[{"href":"https:\/\/truckstop-electrification.de\/en\/wp-json\/wp\/v2\/pages"}],"about":[{"href":"https:\/\/truckstop-electrification.de\/en\/wp-json\/wp\/v2\/types\/page"}],"author":[{"embeddable":true,"href":"https:\/\/truckstop-electrification.de\/en\/wp-json\/wp\/v2\/users\/1"}],"replies":[{"embeddable":true,"href":"https:\/\/truckstop-electrification.de\/en\/wp-json\/wp\/v2\/comments?post=1680"}],"version-history":[{"count":10,"href":"https:\/\/truckstop-electrification.de\/en\/wp-json\/wp\/v2\/pages\/1680\/revisions"}],"predecessor-version":[{"id":2735,"href":"https:\/\/truckstop-electrification.de\/en\/wp-json\/wp\/v2\/pages\/1680\/revisions\/2735"}],"wp:attachment":[{"href":"https:\/\/truckstop-electrification.de\/en\/wp-json\/wp\/v2\/media?parent=1680"}],"curies":[{"name":"wp","href":"https:\/\/api.w.org\/{rel}","templated":true}]}}